{"id":276,"date":"2025-06-26T02:32:38","date_gmt":"2025-06-26T02:32:38","guid":{"rendered":"https:\/\/musiclasse.com\/about\/"},"modified":"2025-08-26T20:42:20","modified_gmt":"2025-08-26T20:42:20","slug":"a-propos","status":"publish","type":"page","link":"https:\/\/musiclasse.com\/en\/a-propos\/","title":{"rendered":"About"},"content":{"rendered":"<div data-elementor-type=\"wp-page\" data-elementor-id=\"276\" class=\"elementor elementor-276\">\n\t\t\t\t<div class=\"elementor-element elementor-element-8c1ca90 e-flex e-con-boxed e-con e-parent\" data-id=\"8c1ca90\" data-element_type=\"container\" data-settings=\"{&quot;background_background&quot;:&quot;classic&quot;}\">\n\t\t\t\t\t<div class=\"e-con-inner\">\n\t\t\t\t<div class=\"elementor-element elementor-element-0353a11 elementor-widget elementor-widget-heading\" data-id=\"0353a11\" data-element_type=\"widget\" data-widget_type=\"heading.default\">\n\t\t\t\t<div class=\"elementor-widget-container\">\n\t\t\t\t\t<h1 class=\"elementor-heading-title elementor-size-default\">\u00c0 Propos<\/h1>\t\t\t\t<\/div>\n\t\t\t\t<\/div>\n\t\t\t\t\t<\/div>\n\t\t\t\t<\/div>\n\t\t<div class=\"elementor-element elementor-element-2040e4a e-flex e-con-boxed e-con e-parent\" data-id=\"2040e4a\" data-element_type=\"container\" data-settings=\"{&quot;background_background&quot;:&quot;classic&quot;}\">\n\t\t\t\t\t<div class=\"e-con-inner\">\n\t\t<div class=\"elementor-element elementor-element-adb0c7d e-con-full e-flex e-con e-child\" data-id=\"adb0c7d\" data-element_type=\"container\">\n\t\t\t\t<div class=\"elementor-element elementor-element-f7ef88f elementor-widget elementor-widget-image\" data-id=\"f7ef88f\" data-element_type=\"widget\" data-widget_type=\"image.default\">\n\t\t\t\t<div class=\"elementor-widget-container\">\n\t\t\t\t\t\t\t\t\t\t\t\t\t\t\t<img fetchpriority=\"high\" decoding=\"async\" width=\"1280\" height=\"853\" src=\"https:\/\/musiclasse.com\/wp-content\/uploads\/2025\/06\/pexels-photo-5311651-1.jpeg\" class=\"attachment-full size-full wp-image-523\" alt=\"\" srcset=\"https:\/\/musiclasse.com\/wp-content\/uploads\/2025\/06\/pexels-photo-5311651-1.jpeg 1280w, https:\/\/musiclasse.com\/wp-content\/uploads\/2025\/06\/pexels-photo-5311651-1-200x133.jpeg 200w, https:\/\/musiclasse.com\/wp-content\/uploads\/2025\/06\/pexels-photo-5311651-1-300x200.jpeg 300w, https:\/\/musiclasse.com\/wp-content\/uploads\/2025\/06\/pexels-photo-5311651-1-1024x682.jpeg 1024w, https:\/\/musiclasse.com\/wp-content\/uploads\/2025\/06\/pexels-photo-5311651-1-768x512.jpeg 768w\" sizes=\"(max-width: 1280px) 100vw, 1280px\" \/>\t\t\t\t\t\t\t\t\t\t\t\t\t\t\t<\/div>\n\t\t\t\t<\/div>\n\t\t\t\t<\/div>\n\t\t<div class=\"elementor-element elementor-element-63e53a7 e-con-full e-flex e-con e-child\" data-id=\"63e53a7\" data-element_type=\"container\">\n\t\t\t\t<div class=\"elementor-element elementor-element-afe30c7 elementor-widget elementor-widget-image-box\" data-id=\"afe30c7\" data-element_type=\"widget\" data-widget_type=\"image-box.default\">\n\t\t\t\t<div class=\"elementor-widget-container\">\n\t\t\t\t\t<div class=\"elementor-image-box-wrapper\"><div class=\"elementor-image-box-content\"><h2 class=\"elementor-image-box-title\">L'histoire de la classe musicale<\/h2><p class=\"elementor-image-box-description\">La Classe musicale a \u00e9t\u00e9 fond\u00e9e en 2015 par Nelligan T\u00e9trault, musicien touche-\u00e0-tout et enseignant dipl\u00f4m\u00e9 en musique et en \u00e9ducation. L\u2019objectif : offrir un accompagnement personnalis\u00e9 \u00e0 chaque \u00e9l\u00e8ve, peu importe l\u2019\u00e2ge ou le niveau. L\u2019approche repose sur plus de dix ans d\u2019exp\u00e9rience aupr\u00e8s d\u2019enfants, d\u2019adultes et de retrait\u00e9s, dans une ambiance bienveillante et structur\u00e9e. Les cours de guitare, piano et ukul\u00e9l\u00e9 sont offerts en ligne ou en pr\u00e9sentiel, avec des m\u00e9thodes \u00e9prouv\u00e9es favorisant la confiance, l\u2019autonomie et le plaisir de jouer. L\u2019enseignement s\u2019adapte aux besoins sp\u00e9cifiques de chacun, qu\u2019il s\u2019agisse d\u2019apprendre les bases, de lire \u00e0 vue ou de ma\u00eetriser des techniques avanc\u00e9es. Chaque progression est valoris\u00e9e, dans un cadre qui stimule la curiosit\u00e9 musicale \u00e0 tout \u00e2ge.\n\n<\/p><\/div><\/div>\t\t\t\t<\/div>\n\t\t\t\t<\/div>\n\t\t\t\t<\/div>\n\t\t\t\t\t<\/div>\n\t\t\t\t<\/div>\n\t\t\t\t<\/div>","protected":false},"excerpt":{"rendered":"<p>\u00c0 Propos L&rsquo;histoire de la classe musicale La Classe musicale a \u00e9t\u00e9 fond\u00e9e en 2015 par Nelligan T\u00e9trault, musicien touche-\u00e0-tout et enseignant dipl\u00f4m\u00e9 en musique et en \u00e9ducation. L\u2019objectif : offrir un accompagnement personnalis\u00e9 \u00e0 chaque \u00e9l\u00e8ve, peu importe l\u2019\u00e2ge ou le niveau. L\u2019approche repose sur plus de dix ans d\u2019exp\u00e9rience aupr\u00e8s d\u2019enfants, d\u2019adultes et &hellip;<\/p>\n<p class=\"read-more\"> <a class=\"\" href=\"https:\/\/musiclasse.com\/en\/a-propos\/\"> <span class=\"screen-reader-text\">About<\/span> Read More &raquo;<\/a><\/p>","protected":false},"author":1,"featured_media":0,"parent":0,"menu_order":0,"comment_status":"closed","ping_status":"closed","template":"","meta":{"site-sidebar-layout":"no-sidebar","site-content-layout":"default","ast-global-header-display":"","ast-banner-title-visibility":"","ast-main-header-display":"","ast-hfb-above-header-display":"","ast-hfb-below-header-display":"","ast-hfb-mobile-header-display":"","site-post-title":"disabled","ast-breadcrumbs-content":"","ast-featured-img":"disabled","footer-sml-layout":"","theme-transparent-header-meta":"","adv-header-id-meta":"","stick-header-meta":"","header-above-stick-meta":"","header-main-stick-meta":"","header-below-stick-meta":"","footnotes":""},"class_list":["post-276","page","type-page","status-publish","hentry"],"_links":{"self":[{"href":"https:\/\/musiclasse.com\/en\/wp-json\/wp\/v2\/pages\/276","targetHints":{"allow":["GET"]}}],"collection":[{"href":"https:\/\/musiclasse.com\/en\/wp-json\/wp\/v2\/pages"}],"about":[{"href":"https:\/\/musiclasse.com\/en\/wp-json\/wp\/v2\/types\/page"}],"author":[{"embeddable":true,"href":"https:\/\/musiclasse.com\/en\/wp-json\/wp\/v2\/users\/1"}],"replies":[{"embeddable":true,"href":"https:\/\/musiclasse.com\/en\/wp-json\/wp\/v2\/comments?post=276"}],"version-history":[{"count":8,"href":"https:\/\/musiclasse.com\/en\/wp-json\/wp\/v2\/pages\/276\/revisions"}],"predecessor-version":[{"id":824,"href":"https:\/\/musiclasse.com\/en\/wp-json\/wp\/v2\/pages\/276\/revisions\/824"}],"wp:attachment":[{"href":"https:\/\/musiclasse.com\/en\/wp-json\/wp\/v2\/media?parent=276"}],"curies":[{"name":"wp","href":"https:\/\/api.w.org\/{rel}","templated":true}]}}